{"id":187,"date":"2016-06-21T08:40:24","date_gmt":"2016-06-21T06:40:24","guid":{"rendered":"http:\/\/www.fondationassistanceauxanimaux.org\/actu\/?page_id=187"},"modified":"2016-06-24T16:43:51","modified_gmt":"2016-06-24T14:43:51","slug":"charte-sur-les-cookies","status":"publish","type":"page","link":"https:\/\/www.fondationassistanceauxanimaux.org\/actu\/charte-sur-les-cookies\/","title":{"rendered":"Charte sur les cookies"},"content":{"rendered":"<h2>Pr\u00e9ambule<\/h2>\n<p>Lors de la consultation de notre site www.fondationassistanceauxanimaux.org\u00a0(ci-apr\u00e8s d\u00e9sign\u00e9 le \u00ab Site \u00bb) appartenant \u00e0 la Fondation Assistance Aux Animaux\u00a0(ci-apr\u00e8s d\u00e9sign\u00e9 la \u00ab Soci\u00e9t\u00e9 \u00bb), des cookies peuvent \u00eatre d\u00e9pos\u00e9s sur les navigateurs de votre ordinateur, tablette ou votre smartphone ou tout autre support.<br \/>\nLe Site utilise la technologie des cookies pour permettre notamment de vous identifier et d\u2019acc\u00e9der \u00e0 votre compte sous r\u00e9serve des choix que vous auriez exprim\u00e9s concernant les cookies et que vous pouvez modifier \u00e0 tout moment.<\/p>\n<h2>Les cookies, qu\u2019est-ce que c\u2019est ?<\/h2>\n<p>Un cookie est un fichier compos\u00e9 d\u2019un ensemble de caract\u00e8res qui est envoy\u00e9 \u00e0 votre terminal quand vous naviguez sur un site web, utilisez une application. Le cookie permet ainsi au Site de vous reconna\u00eetre lors d\u2019une utilisation ult\u00e9rieure.<\/p>\n<h2>Les cookies, quels sont-ils ?<\/h2>\n<p>Plusieurs types de cookies, avec des finalit\u00e9s diff\u00e9rentes, sont utilis\u00e9s sur le Site. Certains sont n\u00e9cessaires pour pouvoir utiliser l\u2019ensemble de nos services.<\/p>\n<h3>Les cookies strictement n\u00e9cessaires<\/h3>\n<p>Les cookies n\u00e9cessaires au fonctionnement de notre Site sont des cookies sans lesquels vous ne pourrez utiliser l\u2019int\u00e9gralit\u00e9 des services propos\u00e9s sur notre Site. Ces cookies sont d\u00e9pos\u00e9s par la Soci\u00e9t\u00e9 et ne concernent que le fonctionnement de notre Site.<\/p>\n<p><strong>Exemples de finalit\u00e9s des cookies :<\/strong><\/p>\n<ul>\n<li>d\u00e9tecter et m\u00e9moriser l\u2019activation ou non de Javascript sur votre terminal, n\u00e9cessaire pour profiter de certaines fonctionnalit\u00e9s du Site.<\/li>\n<li>vous permettre d&rsquo;acc\u00e9der \u00e0 des espaces r\u00e9serv\u00e9s et personnels de notre Site, tels que votre compte, gr\u00e2ce \u00e0 des identifiants ou des donn\u00e9es que vous nous avez \u00e9ventuellement ant\u00e9rieurement confi\u00e9s ;<\/li>\n<\/ul>\n<h3>Les cookies analytiques<\/h3>\n<p>Il s\u2019agit de cookies qui nous permettent de conna\u00eetre l\u2019utilisation et les performances de notre site et de pouvoir ainsi en am\u00e9liorer le fonctionnement. Ces cookies peuvent \u00eatre d\u00e9pos\u00e9s par la Soci\u00e9t\u00e9 ou des prestataires tiers.<\/p>\n<p><strong>Exemples de finalit\u00e9s des cookies :<\/strong><\/p>\n<ul>\n<li>comptabiliser le nombre de visiteurs sur notre site notamment \u00e0 des fins statistiques &#8211; \u00e9tablir des statistiques et volumes de fr\u00e9quentation et d&rsquo;utilisation des diverses \u00e9l\u00e9ments composant notre site (rubriques et contenus visit\u00e9s, parcours), nous permettant d&rsquo;am\u00e9liorer l&rsquo;int\u00e9r\u00eat et l&rsquo;ergonomie de nos services ;<\/li>\n<li>assurer que le site est coh\u00e9rent<\/li>\n<li>analyser votre navigation et nous permettre de mesurer l\u2019audience de notre site.<\/li>\n<li>comptabiliser le nombre total de publicit\u00e9s affich\u00e9es par nos soins sur nos espaces publicitaires, d&rsquo;identifier ces publicit\u00e9s, leur nombre d&rsquo;affichages respectifs, le nombre d&rsquo;utilisateurs ayant cliqu\u00e9 sur chaque publicit\u00e9 et, le cas \u00e9ch\u00e9ant, les actions ult\u00e9rieures effectu\u00e9es par ces utilisateurs sur les pages auxquelles m\u00e8nent ces publicit\u00e9s, afin de calculer les sommes dues aux acteurs de la cha\u00eene de diffusion publicitaire (agence de communication, r\u00e9gie publicitaire, site\/support de diffusion) et d&rsquo;\u00e9tablir des statistiques ;<\/li>\n<\/ul>\n<h3>Les cookies fonctionnels<\/h3>\n<p>Il s\u2019agit des cookies qui nous permettent de personnaliser votre utilisation de notre Site. Ils vous permettent de m\u00e9moriser vos choix et pr\u00e9f\u00e9rences. Ils peuvent aussi \u00eatre utilis\u00e9s pour vous fournir des fonctionnalit\u00e9s que vous avez sollicit\u00e9es.<\/p>\n<p><strong>Exemples de finalit\u00e9s des cookies :<\/strong><\/p>\n<ul>\n<li>vous donner l\u2019acc\u00e8s \u00e0 des espaces r\u00e9serv\u00e9s et personnels de notre site, tels que votre compte, gr\u00e2ce \u00e0 des identifiants ou des donn\u00e9es que vous nous avez \u00e9ventuellement ant\u00e9rieurement confi\u00e9s<\/li>\n<li>se souvenir de vos informations de connexion de fa\u00e7on s\u00e9curis\u00e9e<\/li>\n<\/ul>\n<h3>Les cookies publicitaires<\/h3>\n<p>Il s\u2019agit des cookies utilis\u00e9s pour vous pr\u00e9senter des publicit\u00e9s ou vous adresser des informations adapt\u00e9es \u00e0 vos centres d\u2019int\u00e9r\u00eats. Ils permettent notamment de limiter le nombre de fois o\u00f9 vous voyez une publicit\u00e9 et aident \u00e0 mesurer l\u2019efficacit\u00e9 d\u2019une campagne publicitaire. Le refus de ces cookies n\u2019a pas d\u2019impact sur l\u2019utilisation de notre site. Cependant, le fait de les refuser n\u2019entra\u00eenera pas l\u2019arr\u00eat de la publicit\u00e9 sur notre site. Cela aura simplement pour effet d\u2019afficher une publicit\u00e9 qui ne tiendra pas compte de vos centres d\u2019int\u00e9r\u00eats.<br \/>\nIl s\u2019agit essentiellement de cookies d\u00e9pos\u00e9s par des soci\u00e9t\u00e9s tierces. Ce qui explique qu\u2019on ne pourrait pas en dresser une liste exhaustive.<\/p>\n<p><strong>Exemples de finalit\u00e9s des cookies :<\/strong><\/p>\n<ul>\n<li>comptabiliser le nombre d\u2019affichages et d\u2019activations de nos contenus publicitaires diffus\u00e9s sur des sites de tiers, d\u2019identifier ces contenus et ces sites, de d\u00e9terminer le nombre d\u2019utilisateurs ayant cliqu\u00e9 sur chaque contenu,<\/li>\n<li>calculer les sommes dues aux acteurs de la cha\u00eene de diffusion publicitaire (agence de communication, r\u00e9gie publicitaire, site\/support de diffusion) et d\u2019\u00e9tablir des statistiques &#8211; Permettre de partager des pages avec des r\u00e9seaux sociaux qui pourraient ainsi \u00eatre susceptibles de vous identifier<\/li>\n<li>Les r\u00e9seaux sociaux enregistrent des cookies afin de vous offrir la possibilit\u00e9 de partager des contenus de notre Site avec d\u2019autres personnes ou de faire conna\u00eetre \u00e0 ces autres personnes votre consultation ou votre opinion (boutons \u00ab J\u2019aime \u00bb de Facebook par exemple).<\/li>\n<li>Envoyer des annonces correspondant \u00e0 vos centres d\u2019int\u00e9r\u00eat<\/li>\n<li>La Soci\u00e9t\u00e9 utilise des players vid\u00e9o exportables afin d\u2019illustrer certains contenus. Les cookies permettent d\u2019adapter le player aux pr\u00e9f\u00e9rences d&rsquo;affichage de votre terminal (r\u00e9solution d&rsquo;affichage, syst\u00e8me d&rsquo;exploitation utilis\u00e9, etc), selon les mat\u00e9riels et les logiciels de visualisation ou de lecture que votre terminal comporte.<\/li>\n<li>adapter les contenus publicitaires affich\u00e9s sur votre terminal dans nos espaces publicitaires en fonction des donn\u00e9es de localisation (longitude et latitude) transmises par votre terminal avec votre accord pr\u00e9alable<\/li>\n<li>analyser vos centres d\u2019int\u00e9r\u00eats pour que la Soci\u00e9t\u00e9 et ses partenaires puissent vous proposer des publicit\u00e9s personnalis\u00e9s<\/li>\n<\/ul>\n<h2>Les cookies, quels sont vos choix ?<\/h2>\n<p>Parce qu\u2019ils servent certaines finalit\u00e9s sp\u00e9cifiques, certains cookies sont d\u00e9pos\u00e9s sur votre terminal sans que vous ne puissiez les refuser. Il s\u2019agit notamment des cookies ayant pour finalit\u00e9 exclusive de permettre ou de faciliter la communication \u00e9lectronique (cookies \u00ab identifiants de session \u00bb par exemple).<br \/>\nVous avez plusieurs options pour g\u00e9rer les cookies Tout param\u00e9trage que vous pouvez entreprendre sera susceptible de modifier votre navigation sur notre Site et vos conditions d&rsquo;acc\u00e8s \u00e0 certains services n\u00e9cessitant l&rsquo;utilisation de Cookies.<br \/>\nL\u2019installation de ces cookies n\u2019est pas obligatoire et vous pouvez configurer votre navigateur pour qu\u2019il refuse l\u2019installation des cookies. Votre navigateur peut aussi \u00eatre param\u00e9tr\u00e9 pour vous signaler les cookies qui sont d\u00e9pos\u00e9s sur votre terminal et vous demander de les accepter ou de les refuser. Vous pouvez accepter ou refuser les cookies au cas par cas ou bien les refuser syst\u00e9matiquement.<br \/>\nVos choix ne sont pas d\u00e9finitifs et vous pouvez \u00e0 tout moment les modifier par les moyens d\u00e9crits ci-dessous.<\/p>\n<h3>Choix 1 \u2013 Accepter les cookies<\/h3>\n<p>L\u2019enregistrement d\u2019un cookie dans un terminal est subordonn\u00e9 \u00e0 la volont\u00e9 de son utilisateur.<br \/>\nSi vous acceptez l\u2019enregistrement des cookies sur votre ordinateur, les cookies int\u00e9gr\u00e9s dans les pages et contenus que vous consultez pourront \u00eatre stock\u00e9s temporairement dans un espace d\u00e9di\u00e9 de votre terminal. Ils ne seront lisibles que par l\u2019\u00e9metteur.<\/p>\n<h3>Choix 2 \u2013 Refuser les cookies<\/h3>\n<p>Vous pouvez \u00e0 tout moment refuser l\u2019enregistrement des cookies. Dans ce cas, vous ne pourrez plus b\u00e9n\u00e9ficier d\u2019un certain nombre de fonctionnalit\u00e9s, notamment celles qui n\u00e9cessitent de vous identifier.<br \/>\nLe cas \u00e9ch\u00e9ant, nous d\u00e9clinons toute responsabilit\u00e9 pour les cons\u00e9quences li\u00e9es au fonctionnement d\u00e9grad\u00e9 de nos services r\u00e9sultant de l\u2019impossibilit\u00e9 pour nous d\u2019enregistrer ou de consulter les cookies n\u00e9cessaires \u00e0 leur fonctionnement et que vous auriez refus\u00e9s ou supprim\u00e9s.<\/p>\n<h2>Comment exercer vos choix selon votre navigateur ?<\/h2>\n<p>Pour la gestion de vos choix concernant les cookies, la configuration de chaque navigateur est diff\u00e9rente. Elle est d\u00e9crite dans le menu d\u2019aide de votre navigateur, qui vous permettra de savoir de quelle mani\u00e8re modifier vos souhaits en mati\u00e8re de cookies.<\/p>\n<h3>Pour Internet explorer<\/h3>\n<p>Dans Internet Explorer, cliquez sur le bouton \u00ab Outils \u00bb, puis sur \u00ab Options Internet \u00bb. Sous l&rsquo;onglet G\u00e9n\u00e9ral, sous Historique de navigation, cliquez sur \u00ab Param\u00e8tres \u00bb.<br \/>\nCliquez sur le bouton \u00ab Afficher les fichiers \u00bb.<br \/>\nCliquez sur l&rsquo;en-t\u00eate de colonne Nom pour trier tous les fichiers dans l&rsquo;ordre alphab\u00e9tique, puis parcourez la liste jusqu&rsquo;\u00e0 ce que vous voyiez des fichiers commen\u00e7ant par le pr\u00e9fixe \u00ab Cookie \u00bb (tous les cookies poss\u00e8dent ce pr\u00e9fixe et contiennent habituellement le nom du site Web qui a cr\u00e9\u00e9 le cookie).<br \/>\nS\u00e9lectionnez le ou les cookies comprenant le nom la Soci\u00e9t\u00e9 et supprimez-les.<br \/>\nFermez la fen\u00eatre qui contient la liste des fichiers, puis cliquez deux fois sur \u00ab OK \u00bb pour retourner dans Internet Explorer.<\/p>\n<p>Pour plus d\u2019informations, consultez la page web suivante :<br \/>\n<a href=\"http:\/\/windows.microsoft.com\/fr-FR\/windows-vista\/Block-or-allow-cookies\" target=\"_blank\">http:\/\/windows.microsoft.com\/fr-FR\/windows-vista\/Block-or-allow-cookies<\/a><\/p>\n<h3>Pour Safari<\/h3>\n<p>Dans votre navigateur, choisissez le menu \u00c9dition &gt; Pr\u00e9f\u00e9rences.<br \/>\nCliquez sur S\u00e9curit\u00e9.<br \/>\nCliquez sur Afficher les cookies.<br \/>\nS\u00e9lectionnez les cookies qui contiennent le nom \u00ab La Soci\u00e9t\u00e9 \u00bb et cliquez sur Effacer ou sur Tout effacer.<br \/>\nApr\u00e8s avoir supprim\u00e9 les cookies, cliquez sur Termin\u00e9.<\/p>\n<p>Pour plus d\u2019informations, consultez la page web suivante :<br \/>\n<a href=\"http:\/\/docs.info.apple.com\/article.html?path=Safari\/3.0\/fr\/9277.htm\" target=\"_blank\">http:\/\/docs.info.apple.com\/article.html?path=Safari\/3.0\/fr\/9277.htm<\/a><\/p>\n<h3>Pour Chrome<\/h3>\n<p>Cliquez sur l&rsquo;ic\u00f4ne du menu Outils.<br \/>\nS\u00e9lectionnez Options.<br \/>\nCliquez sur l&rsquo;onglet Options avanc\u00e9es et acc\u00e9dez \u00e0 la section \u00ab Confidentialit\u00e9 \u00bb.<br \/>\nCliquez sur le bouton Afficher les cookies.<br \/>\nRep\u00e9rez les fichiers qui contiennent le nom \u00ab La Soci\u00e9t\u00e9 \u00bb S\u00e9lectionnez-les et supprimez-les.<br \/>\nCliquez sur \u00ab Fermer \u00bb pour revenir \u00e0 votre navigateur.<\/p>\n<p>Pour plus d\u2019informations, consultez la page web suivante :<br \/>\n<a href=\"http:\/\/support.google.com\/chrome\/bin\/answer.py?hl=fr&amp;hlrm=en&amp;answer=95647\" target=\"_blank\">http:\/\/support.google.com\/chrome\/bin\/answer.py?hl=fr&amp;hlrm=en&amp;answer=95647<\/a><\/p>\n<h3>Pour Firefox<\/h3>\n<p>Allez dans l&rsquo;onglet \u00ab Outils \u00bb du navigateur puis s\u00e9lectionnez le menu \u00ab Options \u00bb<br \/>\nDans la fen\u00eatre qui s&rsquo;affiche, choisissez \u00ab Vie priv\u00e9e \u00bb et cliquez sur \u00ab Affichez les cookies \u00bb.<br \/>\nDans la fen\u00eatre qui s&rsquo;affiche, choisissez \u00ab Vie priv\u00e9e \u00bb et cliquez sur \u00ab Affichez les cookies \u00bb.<br \/>\nRep\u00e9rez les fichiers qui contiennent le nom \u00ab La Soci\u00e9t\u00e9 \u00bb S\u00e9lectionnez-les et supprimez-les.<br \/>\nCliquez sur \u00ab Fermer \u00bb pour revenir \u00e0 votre navigateur.<\/p>\n<p>Pour plus d\u2019informations, consultez la page web suivante :<br \/>\n<a href=\"http:\/\/support.google.com\/chrome\/bin\/answer.py?hl=fr&amp;hlrm=en&amp;answer=95647\" target=\"_blank\">http:\/\/support.google.com\/chrome\/bin\/answer.py?hl=fr&amp;hlrm=en&amp;answer=95647<\/a><\/p>\n","protected":false},"excerpt":{"rendered":"<p>Pr\u00e9ambule Lors de la consultation de notre site www.fondationassistanceauxanimaux.org\u00a0(ci-apr\u00e8s d\u00e9sign\u00e9 le \u00ab Site \u00bb) appartenant \u00e0 la Fondation Assistance Aux Animaux\u00a0(ci-apr\u00e8s d\u00e9sign\u00e9 la \u00ab Soci\u00e9t\u00e9 \u00bb), des cookies peuvent \u00eatre d\u00e9pos\u00e9s sur les navigateurs de votre ordinateur, tablette ou votre smartphone ou tout autre support. Le Site utilise la technologie des cookies pour permettre notamment [&hellip;]<\/p>\n","protected":false},"author":1,"featured_media":0,"parent":0,"menu_order":0,"comment_status":"closed","ping_status":"closed","template":"","meta":{"footnotes":""},"class_list":["post-187","page","type-page","status-publish","hentry"],"yoast_head":"<!-- This site is optimized with the Yoast SEO plugin v24.5 - https:\/\/yoast.com\/wordpress\/plugins\/seo\/ -->\n<title>Charte sur les cookies - Fondation Assistance aux Animaux - Actualit\u00e9s<\/title>\n<meta name=\"robots\" content=\"index, follow, max-snippet:-1, max-image-preview:large, max-video-preview:-1\" \/>\n<link rel=\"canonical\" href=\"https:\/\/www.fondationassistanceauxanimaux.org\/actu\/charte-sur-les-cookies\/\" \/>\n<meta property=\"og:locale\" content=\"fr_FR\" \/>\n<meta property=\"og:type\" content=\"article\" \/>\n<meta property=\"og:title\" content=\"Charte sur les cookies - Fondation Assistance aux Animaux - Actualit\u00e9s\" \/>\n<meta property=\"og:description\" content=\"Pr\u00e9ambule Lors de la consultation de notre site www.fondationassistanceauxanimaux.org\u00a0(ci-apr\u00e8s d\u00e9sign\u00e9 le \u00ab Site \u00bb) appartenant \u00e0 la Fondation Assistance Aux Animaux\u00a0(ci-apr\u00e8s d\u00e9sign\u00e9 la \u00ab Soci\u00e9t\u00e9 \u00bb), des cookies peuvent \u00eatre d\u00e9pos\u00e9s sur les navigateurs de votre ordinateur, tablette ou votre smartphone ou tout autre support. Le Site utilise la technologie des cookies pour permettre notamment [&hellip;]\" \/>\n<meta property=\"og:url\" content=\"https:\/\/www.fondationassistanceauxanimaux.org\/actu\/charte-sur-les-cookies\/\" \/>\n<meta property=\"og:site_name\" content=\"Fondation Assistance aux Animaux - Actualit\u00e9s\" \/>\n<meta property=\"article:modified_time\" content=\"2016-06-24T14:43:51+00:00\" \/>\n<meta name=\"twitter:card\" content=\"summary_large_image\" \/>\n<meta name=\"twitter:label1\" content=\"Dur\u00e9e de lecture estim\u00e9e\" \/>\n\t<meta name=\"twitter:data1\" content=\"9 minutes\" \/>\n<script type=\"application\/ld+json\" class=\"yoast-schema-graph\">{\"@context\":\"https:\/\/schema.org\",\"@graph\":[{\"@type\":\"WebPage\",\"@id\":\"https:\/\/www.fondationassistanceauxanimaux.org\/actu\/charte-sur-les-cookies\/\",\"url\":\"https:\/\/www.fondationassistanceauxanimaux.org\/actu\/charte-sur-les-cookies\/\",\"name\":\"Charte sur les cookies - Fondation Assistance aux Animaux - Actualit\u00e9s\",\"isPartOf\":{\"@id\":\"https:\/\/www.fondationassistanceauxanimaux.org\/actu\/#website\"},\"datePublished\":\"2016-06-21T06:40:24+00:00\",\"dateModified\":\"2016-06-24T14:43:51+00:00\",\"breadcrumb\":{\"@id\":\"https:\/\/www.fondationassistanceauxanimaux.org\/actu\/charte-sur-les-cookies\/#breadcrumb\"},\"inLanguage\":\"fr-FR\",\"potentialAction\":[{\"@type\":\"ReadAction\",\"target\":[\"https:\/\/www.fondationassistanceauxanimaux.org\/actu\/charte-sur-les-cookies\/\"]}]},{\"@type\":\"BreadcrumbList\",\"@id\":\"https:\/\/www.fondationassistanceauxanimaux.org\/actu\/charte-sur-les-cookies\/#breadcrumb\",\"itemListElement\":[{\"@type\":\"ListItem\",\"position\":1,\"name\":\"Accueil\",\"item\":\"https:\/\/www.fondationassistanceauxanimaux.org\/actu\/\"},{\"@type\":\"ListItem\",\"position\":2,\"name\":\"Charte sur les cookies\"}]},{\"@type\":\"WebSite\",\"@id\":\"https:\/\/www.fondationassistanceauxanimaux.org\/actu\/#website\",\"url\":\"https:\/\/www.fondationassistanceauxanimaux.org\/actu\/\",\"name\":\"Fondation Assistance aux Animaux - Actualit\u00e9s\",\"description\":\"Depuis 1930 la Fondation Assistance aux Animaux pour la d\u00e9fense et la protection des animaux maltrait\u00e9s et abandonn\u00e9s\",\"potentialAction\":[{\"@type\":\"SearchAction\",\"target\":{\"@type\":\"EntryPoint\",\"urlTemplate\":\"https:\/\/www.fondationassistanceauxanimaux.org\/actu\/?s={search_term_string}\"},\"query-input\":{\"@type\":\"PropertyValueSpecification\",\"valueRequired\":true,\"valueName\":\"search_term_string\"}}],\"inLanguage\":\"fr-FR\"}]}<\/script>\n<!-- \/ Yoast SEO plugin. -->","yoast_head_json":{"title":"Charte sur les cookies - Fondation Assistance aux Animaux - Actualit\u00e9s","robots":{"index":"index","follow":"follow","max-snippet":"max-snippet:-1","max-image-preview":"max-image-preview:large","max-video-preview":"max-video-preview:-1"},"canonical":"https:\/\/www.fondationassistanceauxanimaux.org\/actu\/charte-sur-les-cookies\/","og_locale":"fr_FR","og_type":"article","og_title":"Charte sur les cookies - Fondation Assistance aux Animaux - Actualit\u00e9s","og_description":"Pr\u00e9ambule Lors de la consultation de notre site www.fondationassistanceauxanimaux.org\u00a0(ci-apr\u00e8s d\u00e9sign\u00e9 le \u00ab Site \u00bb) appartenant \u00e0 la Fondation Assistance Aux Animaux\u00a0(ci-apr\u00e8s d\u00e9sign\u00e9 la \u00ab Soci\u00e9t\u00e9 \u00bb), des cookies peuvent \u00eatre d\u00e9pos\u00e9s sur les navigateurs de votre ordinateur, tablette ou votre smartphone ou tout autre support. Le Site utilise la technologie des cookies pour permettre notamment [&hellip;]","og_url":"https:\/\/www.fondationassistanceauxanimaux.org\/actu\/charte-sur-les-cookies\/","og_site_name":"Fondation Assistance aux Animaux - Actualit\u00e9s","article_modified_time":"2016-06-24T14:43:51+00:00","twitter_card":"summary_large_image","twitter_misc":{"Dur\u00e9e de lecture estim\u00e9e":"9 minutes"},"schema":{"@context":"https:\/\/schema.org","@graph":[{"@type":"WebPage","@id":"https:\/\/www.fondationassistanceauxanimaux.org\/actu\/charte-sur-les-cookies\/","url":"https:\/\/www.fondationassistanceauxanimaux.org\/actu\/charte-sur-les-cookies\/","name":"Charte sur les cookies - Fondation Assistance aux Animaux - Actualit\u00e9s","isPartOf":{"@id":"https:\/\/www.fondationassistanceauxanimaux.org\/actu\/#website"},"datePublished":"2016-06-21T06:40:24+00:00","dateModified":"2016-06-24T14:43:51+00:00","breadcrumb":{"@id":"https:\/\/www.fondationassistanceauxanimaux.org\/actu\/charte-sur-les-cookies\/#breadcrumb"},"inLanguage":"fr-FR","potentialAction":[{"@type":"ReadAction","target":["https:\/\/www.fondationassistanceauxanimaux.org\/actu\/charte-sur-les-cookies\/"]}]},{"@type":"BreadcrumbList","@id":"https:\/\/www.fondationassistanceauxanimaux.org\/actu\/charte-sur-les-cookies\/#breadcrumb","itemListElement":[{"@type":"ListItem","position":1,"name":"Accueil","item":"https:\/\/www.fondationassistanceauxanimaux.org\/actu\/"},{"@type":"ListItem","position":2,"name":"Charte sur les cookies"}]},{"@type":"WebSite","@id":"https:\/\/www.fondationassistanceauxanimaux.org\/actu\/#website","url":"https:\/\/www.fondationassistanceauxanimaux.org\/actu\/","name":"Fondation Assistance aux Animaux - Actualit\u00e9s","description":"Depuis 1930 la Fondation Assistance aux Animaux pour la d\u00e9fense et la protection des animaux maltrait\u00e9s et abandonn\u00e9s","potentialAction":[{"@type":"SearchAction","target":{"@type":"EntryPoint","urlTemplate":"https:\/\/www.fondationassistanceauxanimaux.org\/actu\/?s={search_term_string}"},"query-input":{"@type":"PropertyValueSpecification","valueRequired":true,"valueName":"search_term_string"}}],"inLanguage":"fr-FR"}]}},"_links":{"self":[{"href":"https:\/\/www.fondationassistanceauxanimaux.org\/actu\/wp-json\/wp\/v2\/pages\/187","targetHints":{"allow":["GET"]}}],"collection":[{"href":"https:\/\/www.fondationassistanceauxanimaux.org\/actu\/wp-json\/wp\/v2\/pages"}],"about":[{"href":"https:\/\/www.fondationassistanceauxanimaux.org\/actu\/wp-json\/wp\/v2\/types\/page"}],"author":[{"embeddable":true,"href":"https:\/\/www.fondationassistanceauxanimaux.org\/actu\/wp-json\/wp\/v2\/users\/1"}],"replies":[{"embeddable":true,"href":"https:\/\/www.fondationassistanceauxanimaux.org\/actu\/wp-json\/wp\/v2\/comments?post=187"}],"version-history":[{"count":2,"href":"https:\/\/www.fondationassistanceauxanimaux.org\/actu\/wp-json\/wp\/v2\/pages\/187\/revisions"}],"predecessor-version":[{"id":242,"href":"https:\/\/www.fondationassistanceauxanimaux.org\/actu\/wp-json\/wp\/v2\/pages\/187\/revisions\/242"}],"wp:attachment":[{"href":"https:\/\/www.fondationassistanceauxanimaux.org\/actu\/wp-json\/wp\/v2\/media?parent=187"}],"curies":[{"name":"wp","href":"https:\/\/api.w.org\/{rel}","templated":true}]}}